{"id":170,"date":"2022-07-03T19:11:14","date_gmt":"2022-07-03T17:11:14","guid":{"rendered":"https:\/\/wp.shelmut.at\/?page_id=170"},"modified":"2022-07-03T19:20:54","modified_gmt":"2022-07-03T17:20:54","slug":"schluesseldienst","status":"publish","type":"page","link":"https:\/\/wp.shelmut.at\/index.php\/schluesseldienst\/","title":{"rendered":"Schl\u00fcsseldienst"},"content":{"rendered":"<h2><span style=\"color: #ff9900;\">Schl\u00fcsseldienst aus Ernstbrunn bei Korneuburg<\/span><\/h2>\n<p><span style=\"color: #ff9900;\">Es ist schnell passiert: man sperrt sich selbst aus, der abgebrochene Schl\u00fcssel steckt in der versperrten T\u00fcr oder man kommt ohne Schl\u00fcssel vom Urlaub zur\u00fcck.<\/span><\/p>\n<p>Schnelle Hilfe ist jetzt wichtig \u2013 unser Aufsperr-Notdienst ist rund um die Uhr f\u00fcr Sie im Einsatz!<\/p>\n<p>Selbstverst\u00e4ndlich \u00f6ffnen unsere Profis Ihre T\u00fcre ohne Besch\u00e4digungen. Unsere Preise sind fair und den Gegebenheiten (aufsperren oder Schloss tauschen) angepasst.<\/p>\n<p>Sollte Ihr Schloss Vandalismus zum Opfer fallen, setzen wir es wieder instand oder tauschen es umgehend aus und Sie erhalten Ihre neuen Schl\u00fcssel sofort dazu. Gerne beraten wir Sie auch gleich unverbindlich und kostenlos zum Thema Sicherheit.<br \/>\nAufsperrdienst<\/p>\n<hr \/>\n<h2><span style=\"color: #ffcc00;\"><span style=\"color: #ff9900;\">Unser Aufsperrdienst ist schnell an Ort und Stelle<\/span><\/span><\/h2>\n<p>\u00c4rgerlich ist nat\u00fcrlich, wenn der Firmenschl\u00fcssel verloren ging oder gebrochen ist \u2013 Ihr neuer Universalschl\u00fcssel ist schnell angefertigt!<\/p>\n<p>Sie haben einen alten Tresor am Dachspeicher gefunden? Wir bet\u00e4tigen uns gerne als \u201ePanzerknacker\u201c\u2013 selbstverst\u00e4ndlich im rechtlichen Rahmen!<\/p>\n<p>Eine gro\u00dfe Auswahl an Schl\u00fcsselrohlingen erm\u00f6glicht es uns sehr schnell Ersatzschl\u00fcssel anzufertigen, es gibt quasi keine Wartezeiten!<\/p>\n<p><span style=\"color: #ff9900;\">Schlossermeister Schmidt \u2013 unkomplizierter Schl\u00fcsseldienst, Aufsperrdienst aus Ernstbrunn bei Korneuburg und Wien<\/span><\/p>\n","protected":false},"excerpt":{"rendered":"<p>Schl\u00fcsseldienst aus Ernstbrunn bei Korneuburg Es ist schnell passiert: man sperrt sich selbst aus, der abgebrochene Schl\u00fcssel steckt in der versperrten T\u00fcr oder man kommt ohne Schl\u00fcssel vom Urlaub zur\u00fcck. Schnelle Hilfe ist jetzt wichtig \u2013 unser Aufsperr-Notdienst ist rund um die Uhr f\u00fcr Sie im Einsatz! Selbstverst\u00e4ndlich \u00f6ffnen unsere Profis Ihre T\u00fcre ohne Besch\u00e4digungen. [&hellip;]<\/p>\n","protected":false},"author":1,"featured_media":0,"parent":0,"menu_order":0,"comment_status":"closed","ping_status":"closed","template":"","meta":{"footnotes":""},"class_list":["post-170","page","type-page","status-publish","hentry","post"],"jetpack_sharing_enabled":true,"_links":{"self":[{"href":"https:\/\/wp.shelmut.at\/index.php\/wp-json\/wp\/v2\/pages\/170","targetHints":{"allow":["GET"]}}],"collection":[{"href":"https:\/\/wp.shelmut.at\/index.php\/wp-json\/wp\/v2\/pages"}],"about":[{"href":"https:\/\/wp.shelmut.at\/index.php\/wp-json\/wp\/v2\/types\/page"}],"author":[{"embeddable":true,"href":"https:\/\/wp.shelmut.at\/index.php\/wp-json\/wp\/v2\/users\/1"}],"replies":[{"embeddable":true,"href":"https:\/\/wp.shelmut.at\/index.php\/wp-json\/wp\/v2\/comments?post=170"}],"version-history":[{"count":3,"href":"https:\/\/wp.shelmut.at\/index.php\/wp-json\/wp\/v2\/pages\/170\/revisions"}],"predecessor-version":[{"id":175,"href":"https:\/\/wp.shelmut.at\/index.php\/wp-json\/wp\/v2\/pages\/170\/revisions\/175"}],"wp:attachment":[{"href":"https:\/\/wp.shelmut.at\/index.php\/wp-json\/wp\/v2\/media?parent=170"}],"curies":[{"name":"wp","href":"https:\/\/api.w.org\/{rel}","templated":true}]}}