{"id":53,"date":"2022-06-30T23:06:52","date_gmt":"2022-06-30T21:06:52","guid":{"rendered":"https:\/\/wp.shelmut.at\/?page_id=53"},"modified":"2022-07-01T23:58:58","modified_gmt":"2022-07-01T21:58:58","slug":"sicherheitsschloesser","status":"publish","type":"page","link":"http:\/\/wp.shelmut.at\/index.php\/sicherheitsschloesser\/","title":{"rendered":"Sicherheitsschl\u00f6sser"},"content":{"rendered":"<h2><span style=\"color: #ff6600;\">Sicherheitsschl\u00f6sser von Helmut Schmidt in Ernstbrunn bei Korneuburg<\/span><\/h2>\n<h4>Erh\u00f6hte Sicherheit der Eingangst\u00fcr(en) durch Zusatzschloss wie z.B. Balkenschloss, eine Sicherheitst\u00fcr mit mindestens Widerstandsklasse 3 oder Anbringen einer Gittert\u00fcr.<\/h4>\n<p>Das Sortiment an Schl\u00f6ssern, Schl\u00fcsseln, Scherengittern und Sicherheitst\u00fcren ist enorm \u2013 Schmidt ber\u00e4t Sie l\u00f6sungsorientiert.<br \/>Unsere Fachleute sind am neuesten Stand der Sicherheitstechnik und auch in Designfragen nicht unwissend. Sicherheit und Design muss sich nicht gegenseitig ausschlie\u00dfen.<br \/>Eine Eingangst\u00fcre ist eine sch\u00fctzende Barriere nach Au\u00dfen. Wir verst\u00e4rken diesen Schutz durch Zusatzschl\u00f6sser (z.B. ein Balkenschloss) \u2013 damit Sie sich sicher f\u00fchlen.<\/p>\n<hr \/>\n<p><strong><span style=\"color: #ff6600;\">Sicherheitsschl\u00f6sser f\u00fcr Ihre pers\u00f6nliche Sicherheit<\/span><\/strong><\/p>\n<p class=\"bodytext\">\u221a Wussten Sie, dass ein Schlie\u00dfzylinder nur 2 mm \u00fcberstehen darf?<br \/>\u221a\u00a0Einbrecher nutzen als Zugang oft sichtgesch\u00fctzte T\u00fcren!<br \/>\u221a\u00a0Ahnen Sie was ein Kernziehschutz ist?<br \/>\u221a\u00a0Wir sind Profis, wir kennen uns aus und beraten Sie in allen Sicherheitsfragen!<\/p>\n<p>Sicherheit bieten wir Ihnen selbstverst\u00e4ndlich auch f\u00fcr andere \u201eAngriffspunkte von Au\u00dfen\u201c \u2013 T\u00fcren und Tore k\u00f6nnen wir durch Schlie\u00dfmechanismen oder der Anbringung von formsch\u00f6ner Schmiedekunst einbruchssicher machen.<\/p>\n<p>Wir f\u00fchren ausschlie\u00dflich Sicherheitst\u00fcren ab der Widerstandsklasse 3, die Skala ist nat\u00fcrlich nach oben offen. Sollten Sie an Ihrer Haust\u00fcre emotional h\u00e4ngen, bieten wir Ihnen die M\u00f6glichkeit, Gittert\u00fcren anzubringen. Mit Liebe zum Detail fertigen wir formsch\u00f6ne Gittert\u00fcren nach Ihren Vorstellungen.<\/p>\n<p><strong><span style=\"color: #ff6600;\">Sicherheit durch Sicherheitsschl\u00f6sser in Ernstbrunn<\/span><\/strong><\/p>\n\n\n<div class=\"wp-block-buttons is-content-justification-center is-layout-flex wp-container-core-buttons-is-layout-8057eaf3 wp-block-buttons-is-layout-flex\">\n<div class=\"wp-block-button is-style-fill\"><a class=\"wp-block-button__link\" href=\"\/index.php\/kontakt\/\">Fragen? Kontaktieren Sie uns!<\/a><\/div>\n<\/div>\n","protected":false},"excerpt":{"rendered":"<p>Sicherheitsschl\u00f6sser von Helmut Schmidt in Ernstbrunn bei Korneuburg Erh\u00f6hte Sicherheit der Eingangst\u00fcr(en) durch Zusatzschloss wie z.B. Balkenschloss, eine Sicherheitst\u00fcr mit mindestens Widerstandsklasse 3 oder Anbringen einer Gittert\u00fcr. Das Sortiment an Schl\u00f6ssern, Schl\u00fcsseln, Scherengittern und Sicherheitst\u00fcren ist enorm \u2013 Schmidt ber\u00e4t Sie l\u00f6sungsorientiert.Unsere Fachleute sind am neuesten Stand der Sicherheitstechnik und auch in Designfragen nicht unwissend. [&hellip;]<\/p>\n","protected":false},"author":1,"featured_media":0,"parent":0,"menu_order":0,"comment_status":"closed","ping_status":"closed","template":"","meta":{"footnotes":""},"class_list":["post-53","page","type-page","status-publish","hentry","post"],"jetpack_sharing_enabled":true,"_links":{"self":[{"href":"http:\/\/wp.shelmut.at\/index.php\/wp-json\/wp\/v2\/pages\/53","targetHints":{"allow":["GET"]}}],"collection":[{"href":"http:\/\/wp.shelmut.at\/index.php\/wp-json\/wp\/v2\/pages"}],"about":[{"href":"http:\/\/wp.shelmut.at\/index.php\/wp-json\/wp\/v2\/types\/page"}],"author":[{"embeddable":true,"href":"http:\/\/wp.shelmut.at\/index.php\/wp-json\/wp\/v2\/users\/1"}],"replies":[{"embeddable":true,"href":"http:\/\/wp.shelmut.at\/index.php\/wp-json\/wp\/v2\/comments?post=53"}],"version-history":[{"count":8,"href":"http:\/\/wp.shelmut.at\/index.php\/wp-json\/wp\/v2\/pages\/53\/revisions"}],"predecessor-version":[{"id":101,"href":"http:\/\/wp.shelmut.at\/index.php\/wp-json\/wp\/v2\/pages\/53\/revisions\/101"}],"wp:attachment":[{"href":"http:\/\/wp.shelmut.at\/index.php\/wp-json\/wp\/v2\/media?parent=53"}],"curies":[{"name":"wp","href":"https:\/\/api.w.org\/{rel}","templated":true}]}}