{"id":104,"date":"2022-07-03T13:18:29","date_gmt":"2022-07-03T11:18:29","guid":{"rendered":"https:\/\/wp.shelmut.at\/?page_id=104"},"modified":"2022-07-03T18:53:48","modified_gmt":"2022-07-03T16:53:48","slug":"home","status":"publish","type":"page","link":"http:\/\/wp.shelmut.at\/","title":{"rendered":"Home"},"content":{"rendered":"<div id=\"pl-104\"  class=\"panel-layout\" ><div id=\"pg-104-0\"  class=\"panel-grid panel-no-style\" ><div id=\"pgc-104-0-0\"  class=\"panel-grid-cell\" ><div id=\"panel-104-0-0-0\" class=\"so-panel widget widget_sow-editor panel-first-child panel-last-child\" data-index=\"0\" ><div\n\t\t\t\n\t\t\tclass=\"so-widget-sow-editor so-widget-sow-editor-base\"\n\t\t\t\n\t\t>\n<div class=\"siteorigin-widget-tinymce textwidget\">\n\t<div id=\"r4957\" class=\"row \">\n<div class=\"container container-fixed \">\n<div id=\"c3464\" class=\"col col-md-8 col-sm-12 col-lg-10\">\n<div class=\"module text\">\n<h1 class=\"subtitle\" style=\"color:#d66800;\">Ihr Schlosser aus Ernstbrunn bei Korneuburg<\/h1>\n<p class=\"preamble\">Wir bieten Ihnen Planung, Anfertigung, Montage von Konstruktionen aller Art:<\/p>\n<p><i class=\"fa fa-check-square-o\" aria-hidden=\"true\"><\/i> Schmiedeeisen<br \/>\n<i class=\"fa fa-check-square-o\" aria-hidden=\"true\"><\/i>\u00a0Fenstergitter<br \/>\n<i class=\"fa fa-check-square-o\" aria-hidden=\"true\"><\/i> Gartentore &amp; Torantriebe<br \/>\n<i class=\"fa fa-check-square-o\" aria-hidden=\"true\"><\/i> Gel\u00e4nder, Treppen &amp; Stiegen<br \/>\n<i class=\"fa fa-check-square-o\" aria-hidden=\"true\"><\/i> Z\u00e4une &amp; Tore<br \/>\n<i class=\"fa fa-check-square-o\" aria-hidden=\"true\"><\/i> Sicherheitsschl\u00f6sser, Sicherheitst\u00fcren, Balkenschl\u00f6sser, Zutrittskontrollen &amp; Schlie\u00dfanlagen<br \/>\n<i class=\"fa fa-check-square-o\" aria-hidden=\"true\"><\/i> Scherengitter<br \/>\n<i class=\"fa fa-check-square-o\" aria-hidden=\"true\"><\/i> Schl\u00fcssel<\/p>\n<\/div>\n<\/div>\n<\/div>\n<\/div>\n<\/div>\n<\/div><\/div><\/div><\/div><div id=\"pg-104-1\"  class=\"panel-grid panel-no-style\" ><div id=\"pgc-104-1-0\"  class=\"panel-grid-cell\" ><div id=\"panel-104-1-0-0\" class=\"so-panel widget widget_circleicon-widget panel-first-child panel-last-child\" data-index=\"1\" >\t\t<div class=\"circle-icon-box circle-icon-position-top circle-icon-hide-box circle-icon-size-small \">\n\t\t\t\t\t\t\t<div class=\"circle-icon-wrapper\">\n\t\t\t\t\t\t\t\t\t\t<a href=\"\/index.php\/sicherheitsschloesser\/\" class=\"link-icon\" >\t\t\t\t\t<div class=\"circle-icon icon-style-set\" style=\"background-image: url(\/index.php\/sicherheitsschloesser\/);background-color: #d66800\">\n\t\t\t\t\t\t\t\t\t\t\t\t\t<div\n\t\t\t\t\t\t\t\tclass=\"fa fa-key  icon-style-set\"\n\t\t\t\t\t\t\t\t\t\t\t\t\t\t\t><\/div>\n\t\t\t\t\t\t\t\t\t\t\t<\/div>\n\t\t\t\t\t<\/a>\t\t\t\t<\/div>\n\t\t\t\n\t\t\t\t\t\t\t<a\n\t\t\t\t\thref=\"\/index.php\/sicherheitsschloesser\/\"\n\t\t\t\t\tclass=\"link-title\" \t\t\t\t>\n\t\t\t\t\t\t\t\t\t\t<h4 style=\"color: #ffffff\">\n\t\t\t\t\tSicherheitsschl\u00f6sser\t\t\t\t<\/h4>\n\t\t\t\t\t\t\t\t\t\t<\/a>\n\t\t\t\n\t\t\t\t\t\t\t<p class=\"text\" >\n\t\t\t\tHelmut Schmidt ist Ihr langj\u00e4hriger Partner, wenn es um Sicherheitsschl\u00f6sser f\u00fcr Ihre pers\u00f6nliche Sicherheit geht. Wir beraten Sie gerne!\t\t\t<\/p>\n\t\t\t\t\t\t\t\t\t\t<a\n\t\t\t\t\thref=\"\/index.php\/sicherheitsschloesser\/\"\n\t\t\t\t\tclass=\"more-button\"\n\t\t\t\t\t\t\t\t\t>\n\t\t\t\t\tMehr erfahren\t\t\t\t\t<i><\/i>\n\t\t\t\t<\/a>\n\t\t\t\t\t<\/div>\n\t\t<\/div><\/div><div id=\"pgc-104-1-1\"  class=\"panel-grid-cell\" ><div id=\"panel-104-1-1-0\" class=\"so-panel widget widget_circleicon-widget panel-first-child panel-last-child\" data-index=\"2\" >\t\t<div class=\"circle-icon-box circle-icon-position-top circle-icon-hide-box circle-icon-size-medium \">\n\t\t\t\t\t\t\t<div class=\"circle-icon-wrapper\">\n\t\t\t\t\t\t\t\t\t\t<div class=\"circle-icon icon-style-set\" style=\"background-color: #d66800\">\n\t\t\t\t\t\t\t\t\t\t\t\t\t<div\n\t\t\t\t\t\t\t\tclass=\"fa fa-home  icon-style-set\"\n\t\t\t\t\t\t\t\t\t\t\t\t\t\t\t><\/div>\n\t\t\t\t\t\t\t\t\t\t\t<\/div>\n\t\t\t\t\t\t\t\t\t<\/div>\n\t\t\t\n\t\t\t\t\t\t\t\t\t\t<h4 style=\"color: #ffffff\">\n\t\t\t\t\tRund ums Haus\t\t\t\t<\/h4>\n\t\t\t\t\t\t\n\t\t\t\t\t\t\t<p class=\"text\" >\n\t\t\t\tSchlossermeister Schmidt befasst sich seit vielen Jahren mit Z\u00e4unen, Gittern &amp; Gel\u00e4ndern und bietet diese im Raum Ernstbrunn, Korneuburg und Wien an.\t\t\t<\/p>\n\t\t\t\t\t\t\t\t\t\t<a\n\t\t\t\t\thref=\"#\"\n\t\t\t\t\tclass=\"more-button\"\n\t\t\t\t\t\t\t\t\t>\n\t\t\t\t\tMehr erfahren\t\t\t\t\t<i><\/i>\n\t\t\t\t<\/a>\n\t\t\t\t\t<\/div>\n\t\t<\/div><\/div><div id=\"pgc-104-1-2\"  class=\"panel-grid-cell\" ><div id=\"panel-104-1-2-0\" class=\"so-panel widget widget_circleicon-widget panel-first-child panel-last-child\" data-index=\"3\" >\t\t<div class=\"circle-icon-box circle-icon-position-top circle-icon-hide-box circle-icon-size-medium \">\n\t\t\t\t\t\t\t<div class=\"circle-icon-wrapper\">\n\t\t\t\t\t\t\t\t\t\t<a href=\"\/index.php\/kontakt\/\" class=\"link-icon\" >\t\t\t\t\t<div class=\"circle-icon icon-style-set\" style=\"background-color: #d66800\">\n\t\t\t\t\t\t\t\t\t\t\t\t\t<div\n\t\t\t\t\t\t\t\tclass=\"fa fa-mobile  icon-style-set\"\n\t\t\t\t\t\t\t\t\t\t\t\t\t\t\t><\/div>\n\t\t\t\t\t\t\t\t\t\t\t<\/div>\n\t\t\t\t\t<\/a>\t\t\t\t<\/div>\n\t\t\t\n\t\t\t\t\t\t\t<a\n\t\t\t\t\thref=\"\/index.php\/kontakt\/\"\n\t\t\t\t\tclass=\"link-title\" \t\t\t\t>\n\t\t\t\t\t\t\t\t\t\t<h4 style=\"color: #d66800\">\n\t\t\t\t\tNotdienst | Aufsperrdienst\t\t\t\t<\/h4>\n\t\t\t\t\t\t\t\t\t\t<\/a>\n\t\t\t\n\t\t\t\t\t\t\t<p class=\"text\" >\n\t\t\t\tHaben Sie sich ausgesperrt und brauchen einen Schl\u00fcsseldienst? Rufen Sie uns an unter +43 699 19470341!\t\t\t<\/p>\n\t\t\t\t\t\t\t\t\t\t<a\n\t\t\t\t\thref=\"\/index.php\/kontakt\/\"\n\t\t\t\t\tclass=\"more-button\"\n\t\t\t\t\t\t\t\t\t>\n\t\t\t\t\tKontakt\t\t\t\t\t<i><\/i>\n\t\t\t\t<\/a>\n\t\t\t\t\t<\/div>\n\t\t<\/div><\/div><div id=\"pgc-104-1-3\"  class=\"panel-grid-cell\" ><div id=\"panel-104-1-3-0\" class=\"so-panel widget widget_circleicon-widget panel-first-child panel-last-child\" data-index=\"4\" >\t\t<div class=\"circle-icon-box circle-icon-position-top circle-icon-hide-box circle-icon-size-small \">\n\t\t\t\t\t\t\t<div class=\"circle-icon-wrapper\">\n\t\t\t\t\t\t\t\t\t\t<div class=\"circle-icon icon-style-set\" style=\"background-image: url(http:\/\/wp-content\/uploads\/2022\/07\/2-1868769_sm.jpg);background-color: #d66800\">\n\t\t\t\t\t\t\t\t\t\t\t\t\t<div\n\t\t\t\t\t\t\t\tclass=\"fa fa-video-camera  icon-style-set\"\n\t\t\t\t\t\t\t\t\t\t\t\t\t\t\t><\/div>\n\t\t\t\t\t\t\t\t\t\t\t<\/div>\n\t\t\t\t\t\t\t\t\t<\/div>\n\t\t\t\n\t\t\t\t\t\t\t\t\t\t<h4 style=\"color: #ffffff\">\n\t\t\t\t\tSicherheitstechnik\t\t\t\t<\/h4>\n\t\t\t\t\t\t\n\t\t\t\t\t\t\t<p class=\"text\" >\n\t\t\t\tUnser Connected-Home-System bietet Ihnen die M\u00f6glichkeit, rund um die Uhr informiert zu sein, wie es um die Sicherheit Ihres Heims steht. Vertrauen Sie auf unsere moderne Technik.\t\t\t<\/p>\n\t\t\t\t\t\t\t\t\t\t<a\n\t\t\t\t\thref=\"#\"\n\t\t\t\t\tclass=\"more-button\"\n\t\t\t\t\t\t\t\t\t>\n\t\t\t\t\tMehr erfahren\t\t\t\t\t<i><\/i>\n\t\t\t\t<\/a>\n\t\t\t\t\t<\/div>\n\t\t<\/div><\/div><\/div><div id=\"pg-104-2\"  class=\"panel-grid panel-no-style\" ><div id=\"pgc-104-2-0\"  class=\"panel-grid-cell\" ><div id=\"panel-104-2-0-0\" class=\"so-panel widget widget_text panel-first-child panel-last-child\" data-index=\"5\" >\t\t\t<div class=\"textwidget\"><h2 class=\"subtitle\" style=\"color:#d66800;\">Schlosser-Handwerk rund ums Haus<\/h2>\n<p class=\"bodytext\">Sie haben genug vom Maschendrahtzaun? Wir planen nach Ihren Vorstellungen wundersch\u00f6ne Z\u00e4une, die Qualit\u00e4t, Robustheit und Eleganz miteinander vereinen.<\/p>\n<p>Die edlen Metalle verarbeiten wir nach Ihren W\u00fcnschen und Bed\u00fcrfnissen zu Toren, Gel\u00e4ndern, Gitterelementen, Gartentoren oder zu einem formsch\u00f6nen Windschutz. Wir verbinden Innovation und Handwerk zu einem Gesamtwerk. Schmiedeeisen in neuer, moderner Aufmachung &#8211; f\u00fcr uns kein Problem!<\/p>\n<p>Metall ist ohne Zweifel aus dem Bereich der Raumgestaltung nicht mehr wegzudenken. Wir gestalten Ihre Treppe oder Stiege (im Innen- und Au\u00dfenbereich) zu einem funktionalen Blickfang. Zudem punkten wir mit klaren Linien im Design und individuellem Aussehen.<\/p>\n<p>Sicher ist sicher, kommen Sie zu uns!<\/p>\n<p>Egal ob Schlosserhandwerk oder unser Spezialfach, die Sicherheitstechnik, Sie erreichen uns unter<br \/>\n<a href=\"tel:+43 699 19 47 03 41\" data-track-event=\"click\" data-track-action=\"phone_link\">+43 699 19 47 03 41<\/a>.<\/p>\n<\/div>\n\t\t<\/div><\/div><div id=\"pgc-104-2-1\"  class=\"panel-grid-cell\" ><div id=\"panel-104-2-1-0\" class=\"widget_text so-panel widget widget_custom_html panel-first-child panel-last-child\" data-index=\"6\" ><div class=\"textwidget custom-html-widget\"><style>\n.avatar {\n  vertical-align: middle;\n  width: 250px;\n  height: 250px;\n  border-radius: 50%;\n\t}\n\t\n<\/style>\n<img decoding=\"async\" src=\"\/wp-content\/uploads\/2022\/07\/Schmidt.jpg\" alt=\"Avatar\" class=\"avatar\"><\/div><\/div><\/div><\/div><div id=\"pg-104-3\"  class=\"panel-grid panel-has-style\" ><div class=\"panel-row-style panel-row-style-for-104-3\" ><div id=\"pgc-104-3-0\"  class=\"panel-grid-cell\" ><div id=\"panel-104-3-0-0\" class=\"so-panel widget widget_headline-widget panel-first-child\" data-index=\"7\" ><div class=\"panel-widget-style panel-widget-style-for-104-3-0-0\" >\t\t<h1>Unsere Bildergalerie<\/h1>\n\t\t<div class=\"decoration\"><div class=\"decoration-inside\"><\/div><\/div>\n\t\t<h3>Bilder sagen mehr als tausend Worte!<\/h3>\n\t\t<\/div><\/div><div id=\"panel-104-3-0-1\" class=\"so-panel widget widget_bwp_gallery bwp_gallery panel-last-child\" data-index=\"8\" ><div class=\"panel-widget-style panel-widget-style-for-104-3-0-1\" ><style id=\"bwg-style-0\">    #bwg_container1_0 #bwg_container2_0 .bwg-container-0.bwg-album-thumbnails {\n    width: 1004px;\n    justify-content: center;\n            justify-content: center;\n        margin:0 auto !important;\n          background-color: rgba(255, 255, 255, 0.00);\n          padding-left: 4px;\n      padding-top: 4px;\n      max-width: 100%;\n          }\n        #bwg_container1_0 #bwg_container2_0 .bwg-container-0.bwg-album-thumbnails .bwg-item {\n    justify-content: flex-start;\n    max-width: 200px;\n        }\n    #bwg_container1_0 #bwg_container2_0 .bwg-container-0.bwg-album-thumbnails .bwg-item a {\n      margin-right: 4px;\n      margin-bottom: 4px;\n    }\n    #bwg_container1_0 #bwg_container2_0 .bwg-container-0.bwg-album-thumbnails .bwg-item0 {\n      padding: 0px;\n            background-color:rgba(0,0,0, 0.30);\n      border: 0px none #CCCCCC;\n      opacity: 1.00;\n      border-radius: 0;\n      box-shadow: 0px 0px 0px #888888;\n    }\n    #bwg_container1_0 #bwg_container2_0 .bwg-container-0.bwg-album-thumbnails .bwg-item1 img {\n      max-height: none;\n      max-width: none;\n      padding: 0 !important;\n    }\n          @media only screen and (min-width: 480px) {\n      #bwg_container1_0 #bwg_container2_0 .bwg-container-0.bwg-album-thumbnails .bwg-item1 img {\n      -webkit-transition: all .3s; transition: all .3s;      }\n      #bwg_container1_0 #bwg_container2_0 .bwg-container-0.bwg-album-thumbnails .bwg-item1 img:hover {\n        -ms-transform: scale(1.08);\n        -webkit-transform: scale(1.08);\n        transform: scale(1.08);\n      }\n              .bwg-album-thumbnails .bwg-zoom-effect .bwg-zoom-effect-overlay {\n                background-color:rgba(0,0,0, 0.3);\n        }\n        .bwg-album-thumbnails .bwg-zoom-effect:hover img {\n        -ms-transform: scale(1.08);\n        -webkit-transform: scale(1.08);\n        transform: scale(1.08);\n        }\n            }\n          #bwg_container1_0 #bwg_container2_0 .bwg-container-0.bwg-album-thumbnails .bwg-item1 {\n      padding-top: 100%;\n    }\n          #bwg_container1_0 #bwg_container2_0 .bwg-container-0.bwg-album-thumbnails .bwg-title1 {\n        position: absolute;\n        top: 0;\n        z-index: 100;\n        width: 100%;\n        height: 100%;\n        display: flex;\n        justify-content: center;\n        align-content: center;\n        flex-direction: column;\n        opacity: 0;\n      }\n          #bwg_container1_0 #bwg_container2_0 .bwg-container-0.bwg-album-thumbnails .bwg-title2 {\n      color: #FFFFFF;\n      font-family: Ubuntu;\n      font-size: 16px;\n      font-weight: bold;\n      padding: 2px;\n      text-shadow: 0px 0px 0px #888888;\n      max-height: 100%;\n    }\n        #bwg_container1_0 #bwg_container2_0 .bwg-container-0.bwg-standard-thumbnails {\n      width: 1004px;\n              justify-content: center;\n        margin:0 auto !important;\n              background-color: rgba(255, 255, 255, 0.00);\n            padding-left: 4px;\n      padding-top: 4px;\n      max-width: 100%;\n            }\n        #bwg_container1_0 #bwg_container2_0 .bwg-container-0.bwg-standard-thumbnails .bwg-item {\n    justify-content: flex-start;\n      max-width: 200px;\n          }\n    #bwg_container1_0 #bwg_container2_0 .bwg-container-0.bwg-standard-thumbnails .bwg-item a {\n       margin-right: 4px;\n       margin-bottom: 4px;\n    }\n    #bwg_container1_0 #bwg_container2_0 .bwg-container-0.bwg-standard-thumbnails .bwg-item0 {\n      padding: 0px;\n            background-color:rgba(0,0,0, 0.30);\n      border: 0px none #CCCCCC;\n      opacity: 1.00;\n      border-radius: 0;\n      box-shadow: 0px 0px 0px #888888;\n    }\n    #bwg_container1_0 #bwg_container2_0 .bwg-container-0.bwg-standard-thumbnails .bwg-item1 img {\n      max-height: none;\n      max-width: none;\n      padding: 0 !important;\n    }\n         @media only screen and (min-width: 480px) {\n\t\t#bwg_container1_0 #bwg_container2_0 .bwg-container-0.bwg-standard-thumbnails .bwg-item1 img {\n\t\t\t-webkit-transition: all .3s; transition: all .3s;\t\t}\n\t\t#bwg_container1_0 #bwg_container2_0 .bwg-container-0.bwg-standard-thumbnails .bwg-item1 img:hover {\n\t\t\t-ms-transform: scale(1.08);\n\t\t\t-webkit-transform: scale(1.08);\n\t\t\ttransform: scale(1.08);\n\t\t}\n\t\t      }\n\t    #bwg_container1_0 #bwg_container2_0 .bwg-container-0.bwg-standard-thumbnails .bwg-item1 {\n      padding-top: 100%;\n    }\n        #bwg_container1_0 #bwg_container2_0 .bwg-container-0.bwg-standard-thumbnails .bwg-title2,\n    #bwg_container1_0 #bwg_container2_0 .bwg-container-0.bwg-standard-thumbnails .bwg-ecommerce2 {\n      color: #323A45;\n      font-family: Ubuntu;\n      font-size: 16px;\n      font-weight: bold;\n      padding: 2px;\n      text-shadow: 0px 0px 0px #888888;\n      max-height: 100%;\n    }\n    #bwg_container1_0 #bwg_container2_0 .bwg-container-0.bwg-standard-thumbnails .bwg-thumb-description span {\n    color: #323A45;\n    font-family: Ubuntu;\n    font-size: 12px;\n    max-height: 100%;\n    word-wrap: break-word;\n    }\n    #bwg_container1_0 #bwg_container2_0 .bwg-container-0.bwg-standard-thumbnails .bwg-play-icon2 {\n      font-size: 32px;\n    }\n    #bwg_container1_0 #bwg_container2_0 .bwg-container-0.bwg-standard-thumbnails .bwg-ecommerce2 {\n      font-size: 19.2px;\n      color: #323A45;\n    }\n    <\/style>\n    <div id=\"bwg_container1_0\"\n         class=\"bwg_container bwg_thumbnail bwg_album_compact_preview bwg_thumbnail\"\n         data-right-click-protection=\"1\"\n         data-bwg=\"0\"\n         data-scroll=\"0\"\n         data-gallery-type=\"album_compact_preview\"\n         data-gallery-view-type=\"thumbnail\"\n         data-current-url=\"\/index.php\/wp-json\/wp\/v2\/pages\/104\"\n         data-lightbox-url=\"http:\/\/wp.shelmut.at\/wp-admin\/admin-ajax.php?action=GalleryBox&#038;current_view=0&#038;gallery_id=0&#038;tag=0&#038;theme_id=1&#038;shortcode_id=0&#038;sort_by=casual&#038;order_by=ASC&#038;current_url=%2Findex.php%2Fwp-json%2Fwp%2Fv2%2Fpages%2F104\"\n         data-gallery-id=\"0\"\n         data-popup-width=\"800\"\n         data-popup-height=\"500\"\n         data-is-album=\"album\"\n         data-buttons-position=\"bottom\">\n      <div id=\"bwg_container2_0\">\n             <div id=\"ajax_loading_0\" class=\"bwg_loading_div_1\">\n      <div class=\"bwg_loading_div_2\">\n        <div class=\"bwg_loading_div_3\">\n          <div id=\"loading_div_0\" class=\"bwg_spider_ajax_loading\">\n          <\/div>\n        <\/div>\n      <\/div>\n    <\/div>\n            <form id=\"gal_front_form_0\"\n              class=\"bwg-hidden\"              method=\"post\"\n              action=\"#\"\n              data-current=\"0\"\n              data-shortcode-id=\"0\"\n              data-gallery-type=\"album_compact_preview\"\n              data-gallery-id=\"0\"\n              data-tag=\"0\"\n              data-album-id=\"1\"\n              data-theme-id=\"1\"\n              data-ajax-url=\"http:\/\/wp.shelmut.at\/wp-admin\/admin-ajax.php?action=bwg_frontend_data\">\n          <div id=\"bwg_container3_0\" class=\"bwg-background bwg-background-0\">\n                <div data-max-count=\"5\"\n         data-thumbnail-width=\"200\"\n         data-bwg=\"0\"\n         id=\"bwg_album_compact_0\"\n         class=\"bwg-thumbnails bwg-container bwg-container-0 bwg-album-thumbnails bwg_album_thumbnails_0\">\n              <div class=\"bwg-item\">\n          <a class=\"bwg-a bwg_album_0\"\n                          href=\"http:\/\/wp.shelmut.at\/index.php\/bwg_gallery\/schmiedeisengitter-tren-und-fenster\/\"             data-container_id=\"bwg_album_compact_0\"\n             data-def_type=\"gallery\"\n             data-album_gallery_id=\"1\"\n             data-alb_gal_id=\"10\"\n             data-title=\"Schmiedeisengitter T\u00fcren und Fenster\"\n             data-bwg=\"0\">\n                        <div class=\"bwg-item0 \">\n              <div class=\"bwg-item1 bwg-zoom-effect\">\n                <div class=\"bwg-item2\">\n                  <img data-recalc-dims=\"1\" decoding=\"async\" class=\"skip-lazy \"\n                       data-width=\"281.00\"\n                       data-height=\"500.00\"\n                       data-src=\"http:\/\/wp.shelmut.at\/wp-content\/uploads\/photo-gallery\/Schmiedeisengitter_Tueren_und_Fenster\/thumb\/DSC_4314.jpg?bwg=1656882516\"\n                       src=\"https:\/\/i0.wp.com\/wp.shelmut.at\/wp-content\/uploads\/photo-gallery\/Schmiedeisengitter_Tueren_und_Fenster\/thumb\/DSC_4314.jpg?w=720\"\n                       alt=\"Schmiedeisengitter T\u00fcren und Fenster\"\n                       title=\"Schmiedeisengitter T\u00fcren und Fenster\" \/>\n                <\/div>\n                <div class=\"bwg-zoom-effect-overlay\">\n                  <div class=\"bwg-title1\"><div class=\"bwg-title2\">Schmiedeisengitter T\u00fcren und Fenster<\/div><\/div>                <\/div>\n              <\/div>\n            <\/div>\n                      <\/a>\n        <\/div>\n                <div class=\"bwg-item\">\n          <a class=\"bwg-a bwg_album_0\"\n                          href=\"http:\/\/wp.shelmut.at\/index.php\/bwg_gallery\/treppen\/\"             data-container_id=\"bwg_album_compact_0\"\n             data-def_type=\"gallery\"\n             data-album_gallery_id=\"1\"\n             data-alb_gal_id=\"12\"\n             data-title=\"Treppen\"\n             data-bwg=\"0\">\n                        <div class=\"bwg-item0 \">\n              <div class=\"bwg-item1 bwg-zoom-effect\">\n                <div class=\"bwg-item2\">\n                  <img data-recalc-dims=\"1\" decoding=\"async\" class=\"skip-lazy \"\n                       data-width=\"500.00\"\n                       data-height=\"281.00\"\n                       data-src=\"http:\/\/wp.shelmut.at\/wp-content\/uploads\/photo-gallery\/Treppen\/thumb\/2018-08-3112.53.27_Bildgrendern.jpg?bwg=1656884037\"\n                       src=\"https:\/\/i0.wp.com\/wp.shelmut.at\/wp-content\/uploads\/photo-gallery\/Treppen\/thumb\/2018-08-3112.53.27_Bildgrendern.jpg?w=720\"\n                       alt=\"Treppen\"\n                       title=\"Treppen\" \/>\n                <\/div>\n                <div class=\"bwg-zoom-effect-overlay\">\n                  <div class=\"bwg-title1\"><div class=\"bwg-title2\">Treppen<\/div><\/div>                <\/div>\n              <\/div>\n            <\/div>\n                      <\/a>\n        <\/div>\n                <div class=\"bwg-item\">\n          <a class=\"bwg-a bwg_album_0\"\n                          href=\"http:\/\/wp.shelmut.at\/index.php\/bwg_gallery\/gelnder-edelstahl\/\"             data-container_id=\"bwg_album_compact_0\"\n             data-def_type=\"gallery\"\n             data-album_gallery_id=\"1\"\n             data-alb_gal_id=\"8\"\n             data-title=\"Gel\u00e4nder Edelstahl\"\n             data-bwg=\"0\">\n                        <div class=\"bwg-item0 \">\n              <div class=\"bwg-item1 bwg-zoom-effect\">\n                <div class=\"bwg-item2\">\n                  <img data-recalc-dims=\"1\" decoding=\"async\" class=\"skip-lazy \"\n                       data-width=\"500.00\"\n                       data-height=\"281.00\"\n                       data-src=\"http:\/\/wp.shelmut.at\/wp-content\/uploads\/photo-gallery\/Gelaender_Edelstahl\/thumb\/3-1876004_eb.jpg?bwg=1656881952\"\n                       src=\"https:\/\/i0.wp.com\/wp.shelmut.at\/wp-content\/uploads\/photo-gallery\/Gelaender_Edelstahl\/thumb\/3-1876004_eb.jpg?w=720\"\n                       alt=\"Gel\u00e4nder Edelstahl\"\n                       title=\"Gel\u00e4nder Edelstahl\" \/>\n                <\/div>\n                <div class=\"bwg-zoom-effect-overlay\">\n                  <div class=\"bwg-title1\"><div class=\"bwg-title2\">Gel\u00e4nder Edelstahl<\/div><\/div>                <\/div>\n              <\/div>\n            <\/div>\n                      <\/a>\n        <\/div>\n                <div class=\"bwg-item\">\n          <a class=\"bwg-a bwg_album_0\"\n                          href=\"http:\/\/wp.shelmut.at\/index.php\/bwg_gallery\/scherengitter\/\"             data-container_id=\"bwg_album_compact_0\"\n             data-def_type=\"gallery\"\n             data-album_gallery_id=\"1\"\n             data-alb_gal_id=\"2\"\n             data-title=\"Scherengitter\"\n             data-bwg=\"0\">\n                        <div class=\"bwg-item0 \">\n              <div class=\"bwg-item1 bwg-zoom-effect\">\n                <div class=\"bwg-item2\">\n                  <img data-recalc-dims=\"1\" decoding=\"async\" class=\"skip-lazy \"\n                       data-width=\"281.00\"\n                       data-height=\"500.00\"\n                       data-src=\"http:\/\/wp.shelmut.at\/wp-content\/uploads\/photo-gallery\/Scherengitter\/thumb\/2-1876050_eb.jpg?bwg=1656538526\"\n                       src=\"https:\/\/i0.wp.com\/wp.shelmut.at\/wp-content\/uploads\/photo-gallery\/Scherengitter\/thumb\/2-1876050_eb.jpg?w=720\"\n                       alt=\"Scherengitter\"\n                       title=\"Scherengitter\" \/>\n                <\/div>\n                <div class=\"bwg-zoom-effect-overlay\">\n                  <div class=\"bwg-title1\"><div class=\"bwg-title2\">Scherengitter<\/div><\/div>                <\/div>\n              <\/div>\n            <\/div>\n                      <\/a>\n        <\/div>\n            <\/div>\n          <input type=\"hidden\" id=\"bwg_album_breadcrumb_0\" name=\"bwg_album_breadcrumb_0\" value='[{&quot;id&quot;:&quot;1&quot;,&quot;page&quot;:1}]' \/>\n              <\/div>\n        <\/form>\n        <style>          #bwg_container1_0 #bwg_container2_0 #spider_popup_overlay_0 {\n          background-color: #EEEEEE;\n          opacity: 0.60;\n          }\n          <\/style>        <div id=\"bwg_spider_popup_loading_0\" class=\"bwg_spider_popup_loading\"><\/div>\n        <div id=\"spider_popup_overlay_0\" class=\"spider_popup_overlay\" onclick=\"spider_destroypopup(1000)\"><\/div>\n        <input type=\"hidden\" id=\"bwg_random_seed_0\" value=\"1779757870\">\n                <\/div>\n    <\/div>\n    <script>\n      if (document.readyState === 'complete') {\n        if( typeof bwg_main_ready == 'function' ) {\n          if ( jQuery(\"#bwg_container1_0\").height() ) {\n            bwg_main_ready(jQuery(\"#bwg_container1_0\"));\n          }\n        }\n      } else {\n        document.addEventListener('DOMContentLoaded', function() {\n          if( typeof bwg_main_ready == 'function' ) {\n            if ( jQuery(\"#bwg_container1_0\").height() ) {\n             bwg_main_ready(jQuery(\"#bwg_container1_0\"));\n            }\n          }\n        });\n      }\n    <\/script>\n    <\/div><\/div><\/div><\/div><\/div><div id=\"pg-104-4\"  class=\"panel-grid panel-no-style\" ><div id=\"pgc-104-4-0\"  class=\"panel-grid-cell\" ><div id=\"panel-104-4-0-0\" class=\"widget_text so-panel widget widget_custom_html panel-first-child panel-last-child\" data-index=\"9\" ><div class=\"widget_text panel-widget-style panel-widget-style-for-104-4-0-0\" ><div class=\"textwidget custom-html-widget\"><style>\n.center {\n  display: block;\n  margin-left: auto;\n  margin-right: auto;\n  width: 50%;\n}\n<\/style>\n\n<img decoding=\"async\" src=\"wp-content\/uploads\/2022\/07\/home_pic.png\" alt=\"Perfekt Sichern\" class=\"center\"> <\/div><\/div><\/div><\/div><\/div><\/div>","protected":false},"excerpt":{"rendered":"<p>Ihr Schlosser aus Ernstbrunn bei Korneuburg Wir bieten Ihnen Planung, Anfertigung, Montage von Konstruktionen aller Art: Schmiedeeisen \u00a0Fenstergitter Gartentore &amp; Torantriebe Gel\u00e4nder, Treppen &amp; Stiegen Z\u00e4une &amp; Tore Sicherheitsschl\u00f6sser, Sicherheitst\u00fcren, Balkenschl\u00f6sser, Zutrittskontrollen &amp; Schlie\u00dfanlagen Scherengitter Schl\u00fcssel<\/p>\n","protected":false},"author":1,"featured_media":0,"parent":0,"menu_order":0,"comment_status":"closed","ping_status":"closed","template":"","meta":{"footnotes":""},"class_list":["post-104","page","type-page","status-publish","hentry","post"],"jetpack_sharing_enabled":true,"_links":{"self":[{"href":"http:\/\/wp.shelmut.at\/index.php\/wp-json\/wp\/v2\/pages\/104","targetHints":{"allow":["GET"]}}],"collection":[{"href":"http:\/\/wp.shelmut.at\/index.php\/wp-json\/wp\/v2\/pages"}],"about":[{"href":"http:\/\/wp.shelmut.at\/index.php\/wp-json\/wp\/v2\/types\/page"}],"author":[{"embeddable":true,"href":"http:\/\/wp.shelmut.at\/index.php\/wp-json\/wp\/v2\/users\/1"}],"replies":[{"embeddable":true,"href":"http:\/\/wp.shelmut.at\/index.php\/wp-json\/wp\/v2\/comments?post=104"}],"version-history":[{"count":39,"href":"http:\/\/wp.shelmut.at\/index.php\/wp-json\/wp\/v2\/pages\/104\/revisions"}],"predecessor-version":[{"id":159,"href":"http:\/\/wp.shelmut.at\/index.php\/wp-json\/wp\/v2\/pages\/104\/revisions\/159"}],"wp:attachment":[{"href":"http:\/\/wp.shelmut.at\/index.php\/wp-json\/wp\/v2\/media?parent=104"}],"curies":[{"name":"wp","href":"https:\/\/api.w.org\/{rel}","templated":true}]}}